{"id":3,"date":"2024-06-19T08:49:24","date_gmt":"2024-06-19T08:49:24","guid":{"rendered":"https:\/\/vinassantar.celeumasandbox.pt\/?page_id=3"},"modified":"2025-08-26T15:49:50","modified_gmt":"2025-08-26T15:49:50","slug":"politica-privacidade","status":"publish","type":"page","link":"https:\/\/vinassantar.celeumasandbox.pt\/en\/politica-privacidade\/","title":{"rendered":"Privacy and cookie policy"},"content":{"rendered":"<div class=\"container\">\n<div class=\"content content--page content--start\">\n<p>A Frutic\u00e1lia cumpre com as obriga\u00e7\u00f5es que para si decorrem da Lei de Prote\u00e7\u00e3o de Dados e da Lei de tratamento de dados pessoais e de prote\u00e7\u00e3o da privacidade no sector das telecomunica\u00e7\u00f5es eletr\u00f3nicas. A nossa Pol\u00edtica de Privacidade e Cookies explica como iremos tratar qualquer informa\u00e7\u00e3o pessoal que nos fornecer quando usar este website e os servi\u00e7os que, por este meio, disponibilizamos.<\/p>\n<h2>1 \u2013 Recolha e Registo de Dados<\/h2>\n<p>A Frutic\u00e1lia est\u00e1 empenhada em proteger a privacidade dos utilizadores do seu site e, como tal, recolhe apenas as informa\u00e7\u00f5es pessoais daqueles que as facultem voluntariamente, e assim tamb\u00e9m, apenas as utiliza para os fins para os quais foram fornecidas.<\/p>\n<p>Os dados pessoais recolhidos pela Frutic\u00e1lia s\u00e3o processados automaticamente e destinam-se \u00e0 gest\u00e3o da ficha do cliente, dos seus servi\u00e7os e dos seus pedidos de apoio e suporte. A recolha e tratamento de dados pessoais tem ainda como finalidade o seu uso para contactos por parte da Frutic\u00e1lia para efeitos de:<\/p>\n<p>Garantir o normal funcionamento do servi\u00e7o contratado, nomeadamente fornecendo dados para sua gest\u00e3o, e fatura\u00e7\u00e3o;<br \/>\nComunicar interven\u00e7\u00f5es programadas, reportar problemas e\/ou outras situa\u00e7\u00f5es de relev\u00e2ncia e\/ou impacto nos seus servi\u00e7os ou vias de suporte;<br \/>\nPromover a comunica\u00e7\u00e3o exigida contratualmente, usando a via, para tal, estipulada (Condi\u00e7\u00f5es Gerais de presta\u00e7\u00e3o de servi\u00e7o);<br \/>\nEnvio de informa\u00e7\u00f5es de \u00e2mbito generalista e publicit\u00e1rio em rela\u00e7\u00e3o \u00e0 Frutic\u00e1lia e aos servi\u00e7os por ela prestados<br \/>\nOs dados fornecidos est\u00e3o integrados numa base de dados, sendo o seu tratamento automatizado, organizado e mantido diretamente pela Frutic\u00e1lia de acordo com a Lei 67\/98 de 26 de Outubro. Os menores de 18 anos dever\u00e3o obter autoriza\u00e7\u00e3o dos pais ou tutores antes de acederem ou disponibilizarem dados pessoais no site.<\/p>\n<h2>2 \u2013 Retifica\u00e7\u00e3o ou elimina\u00e7\u00e3o dos dados fornecidos<\/h2>\n<h2><span style=\"font-size: 18pt;\">2.1 \u2013 Fornecimento de dados e retifica\u00e7\u00e3o<\/span><\/h2>\n<p>Nos termos da legisla\u00e7\u00e3o aplic\u00e1vel assiste ao utilizador o direito de acesso, retifica\u00e7\u00e3o dos seus dados, ora assim a Frutic\u00e1lia oferece ao cliente o acesso permanente aos seus dados, viabilizando, assim, a sua retifica\u00e7\u00e3o a todo tempo.<\/p>\n<h2><span style=\"font-size: 18pt;\">2.2 \u2013 Livre fornecimento de dados e aceita\u00e7\u00e3o da presente pol\u00edtica de privacidade<\/span><\/h2>\n<p>Qualquer utilizador poder\u00e1 livremente optar por fornecer ou n\u00e3o os seus dados.<\/p>\n<p>O preenchimento da ficha de clientes, formul\u00e1rio de contacto, pedido de or\u00e7amentos e formul\u00e1rio de subscri\u00e7\u00e3o de newsletter \u00e9 tida como indica\u00e7\u00e3o volunt\u00e1ria de dados e \u00e9 entendida como declara\u00e7\u00e3o de aceita\u00e7\u00e3o por parte do cliente da presente pol\u00edtica de privacidade, bem como do tratamento e armazenagem desses dados, pela Fruticalia, para os fins comerciais a que se destinam.<\/p>\n<p>Ora, assim, a Frutic\u00e1lia reserva-se no direito de armazenar e usar os dados fornecidos pelo cliente at\u00e9 declara\u00e7\u00e3o expressa deste a solicitar a sua elimina\u00e7\u00e3o.<\/p>\n<h2><span style=\"font-size: 18pt;\">2.3 \u2013 Elimina\u00e7\u00e3o dos dados<\/span><\/h2>\n<p>Muito embora a Frutic\u00e1lia n\u00e3o se comprometa a armazenar os dados do cliente depois de excedidos os prazos para renova\u00e7\u00e3o dos seus servi\u00e7os e\/ou ap\u00f3s a rescis\u00e3o do contrato sem que haja uma informa\u00e7\u00e3o expressa acerca, a Frutic\u00e1lia n\u00e3o poder\u00e1 aferir com certeza se o cliente pretende ou n\u00e3o manter-se inscrito como cliente Fruticalia.<\/p>\n<p>Se for do interesse do cliente n\u00e3o ser mais contactado pela Frutic\u00e1lia e que a Frutic\u00e1lia n\u00e3o guarde mais os seus dados, dever\u00e1 solicitar por forma expressa a elimina\u00e7\u00e3o dos seus dados das nossas bases de dados.<\/p>\n<p>Para as quest\u00f5es relacionadas com o tratamento dos seus dados pessoais poder\u00e1 contactar a Frutic\u00e1lia atrav\u00e9s dos seguintes meios:<\/p>\n<p>Telefone: <a href=\"tel:+351232940135\">(+351) 232 940 135<\/a>\u00a0(Chamada para a rede fixa nacional)<br \/>\nEmail: <a href=\"mailto:fruticalia24@gmail.com\">fruticalia24@gmail.com<\/a><\/p>\n<h2>3 \u2013 Seguran\u00e7a e utiliza\u00e7\u00e3o da sua informa\u00e7\u00e3o<\/h2>\n<p>A Frutic\u00e1lia compromete-se a n\u00e3o vender, alugar, transmitir ou sob qualquer outro t\u00edtulo, a terceiros quaisquer dados pessoais enviados pelos utilizadores do nosso site, sem preju\u00edzo de o fazer mediante autoriza\u00e7\u00e3o do utilizador ou quando seja legalmente obrigado. A Frutic\u00e1lia assegura que, tanto quanto \u00e9 exig\u00edvel e atend\u00edvel, foram adotadas e organizadas as medidas t\u00e9cnicas adequadas para proteger os dados pessoais contra a destrui\u00e7\u00e3o, altera\u00e7\u00e3o e\/ou difus\u00e3o acidental ou il\u00edcita, n\u00e3o autorizadas dos dados pessoais.<\/p>\n<p>Qualquer tentativa de viola\u00e7\u00e3o da base de dados do presente site ser\u00e1 objeto de a\u00e7\u00e3o penal e queixa-crime, conforme previsto na legisla\u00e7\u00e3o portuguesa referente a bases de dados, e poder\u00e1 implicar responsabilidade civil e criminal.<\/p>\n<h2>4 \u2013 Conserva\u00e7\u00e3o da informa\u00e7\u00e3o pessoal<\/h2>\n<p>Ap\u00f3s a recolha de informa\u00e7\u00e3o pessoal individualizada transmitida voluntariamente pelo utilizador, a Frutic\u00e1lia proceder\u00e1 \u00e0 sua conserva\u00e7\u00e3o e manuten\u00e7\u00e3o pelo per\u00edodo necess\u00e1rio \u00e0 finalidade do seu tratamento, at\u00e9 instru\u00e7\u00f5es em contr\u00e1rio, ou at\u00e9 que a lei exija a respetiva elimina\u00e7\u00e3o.<\/p>\n<p>A conserva\u00e7\u00e3o dessa informa\u00e7\u00e3o permite que a Frutic\u00e1lia continue a fornecer servi\u00e7os personalizados sem interrup\u00e7\u00e3o, salvo oposi\u00e7\u00e3o expressa do Utilizador.<\/p>\n<p>Apesar disto, a Frutic\u00e1lia n\u00e3o \u00e9 obrigada a armazenar os dados do cliente depois de excedidos os prazos para renova\u00e7\u00e3o de todos os seus servi\u00e7os, sem que estes sejam pagos.<\/p>\n<h2>5 \u2013 Entidade respons\u00e1vel<\/h2>\n<p>A entidade respons\u00e1vel pelo tratamento da Base de Dados \u00e9 a Frutic\u00e1lia, com sede em R. Dr. Jos\u00e9 Guilherme Faure 2, 3520-058 Nelas, podendo qualquer interessado entrar em contato com ela atrav\u00e9s dos seguintes contatos:<\/p>\n<p>Telefone: <a href=\"tel:+351232940135\">(+351) 232 940 135<\/a>\u00a0(Chamada para a rede fixa nacional)<br \/>\nEmail: <a href=\"mailto:fruticalia24@gmail.com\">fruticalia24@gmail.com<\/a><\/p>\n<h2>6 \u2013 Cookies<\/h2>\n<p>Os cookies s\u00e3o pequenos fragmentos de texto enviados para o seu navegador pelos websites que visita. Os cookies desempenham um papel importante; sem eles, utilizar a Web seria uma experi\u00eancia muito mais frustrante.<\/p>\n<p>Os cookies s\u00e3o ficheiros que s\u00e3o gravados no seu computador e t\u00eam como \u00fanico objetivo simplificar a sua navega\u00e7\u00e3o em fruticalia.pt, facilitando a sua pr\u00f3xima visita e tornando o Website fruticalia.pt mais \u00fatil para si (estes cookies n\u00e3o podem conter v\u00edrus nem ser executados, pois n\u00e3o s\u00e3o ficheiros ativos).<\/p>\n<p>Os cookies s\u00e3o gravados no equipamento terminal e acedidos pelo nosso website apenas porque e quando o utilizador d\u00e1 o seu consentimento atrav\u00e9s de um comportamento ativo e mediante uma decis\u00e3o livre consubstanciada na aceita\u00e7\u00e3o da navega\u00e7\u00e3o no nosso website, com base em informa\u00e7\u00f5es claras e completas nos termos adiante explicitados, nomeadamente sobre o objetivo do processamento.<\/p>\n<p>Estes cookies apenas podem ser lidos pela fruticalia.pt e por si.<\/p>\n<p>Os cookies que utilizamos e quais as fun\u00e7\u00f5es dos mesmos:<\/p>\n<p>Cookies estritamente necess\u00e1rios \u2013 s\u00e3o cookies essenciais e que permitem ao nosso site responder a qualquer a\u00e7\u00e3o que executa no site, tal como completar um formul\u00e1rio de inqu\u00e9rito. O site n\u00e3o funciona corretamente se este cookie n\u00e3o for usado.<\/p>\n<p>Cookies anal\u00edticos \u2013 s\u00e3o cookies que permitem a fun\u00e7\u00e3o do software de an\u00e1lise (analytics). Este software ajuda a analisar os nossos visitantes do site e fornecer informa\u00e7\u00f5es an\u00f3nimas, como navegadores utilizados, visitantes de retorno e de resposta \u00e0s atividades de marketing. Esta informa\u00e7\u00e3o ajuda-nos a melhorar o site e sua experi\u00eancia on-line.<\/p>\n<p>Cookies de Funcionalidade \u2013 s\u00e3o cookies que guardam as prefer\u00eancias do utilizador relativamente \u00e0 utiliza\u00e7\u00e3o do site, de forma que n\u00e3o seja necess\u00e1rio voltar a configurar o site cada vez que o visita.<\/p>\n<p>Cookies permanentes \u2013 s\u00e3o cookies que ficam armazenados nos dispositivos de acesso (computador, telem\u00f3vel, smartphone ou tablet), ao n\u00edvel do navegador de internet (browser), e s\u00e3o usados sempre que o utilizador visita novamente o site. Em geral, s\u00e3o usados para direcionar a navega\u00e7\u00e3o de acordo com os interesses do utilizador, permitindo prestar um servi\u00e7o mais personalizado;<\/p>\n<p>Cookies de sess\u00e3o \u2013 s\u00e3o cookies tempor\u00e1rios, que s\u00e3o gerados e est\u00e3o dispon\u00edveis at\u00e9 encerrar a sess\u00e3o. Da pr\u00f3xima vez que o utilizador aceder ao seu navegador de internet (browser) os cookies j\u00e1 n\u00e3o estar\u00e3o armazenados. A informa\u00e7\u00e3o obtida permite gerir as sess\u00f5es, identificar problemas e fornecer uma melhor experi\u00eancia de navega\u00e7\u00e3o.<\/p>\n<p>\u00c9 permitido ao utilizador aceitar, recusar ou apagar cookies, nomeadamente atrav\u00e9s da sele\u00e7\u00e3o das defini\u00e7\u00f5es apropriadas no respetivo navegador (browser). Ao desativar cookies poder\u00e1 impedir que alguns dos nossos servi\u00e7os da web funcionem corretamente.<\/p>\n<p>Para obter mais informa\u00e7\u00f5es sobre cookies, incluindo para saber que cookies foram instalados e como podem ser geridos e eliminados, visite www.allaboutcookies.org. Se n\u00e3o quiser que as suas visitas a s\u00edtios Web sejam detectadas pelo Google Analytics, v\u00e1 a http:\/\/tools.google.com\/dlpage\/gaoptout<\/p>\n<p>Aceita\u00e7\u00e3o destes termos<\/p>\n<p>Ao utilizar este site, o utilizador concorda com a recolha e uso das suas informa\u00e7\u00f5es tal como estabelecido nesta Pol\u00edtica de Cookies.<\/p>\n<\/div>\n<\/div>","protected":false},"excerpt":{"rendered":"<p>A Frutic\u00e1lia cumpre com as obriga\u00e7\u00f5es que para si decorrem da Lei de Prote\u00e7\u00e3o de Dados e da Lei de tratamento de dados pessoais e de prote\u00e7\u00e3o da privacidade no sector das telecomunica\u00e7\u00f5es eletr\u00f3nicas. A nossa Pol\u00edtica de Privacidade e Cookies explica como iremos tratar qualquer informa\u00e7\u00e3o pessoal que nos fornecer quando usar este website [&hellip;]<\/p>","protected":false},"author":1,"featured_media":0,"parent":0,"menu_order":0,"comment_status":"closed","ping_status":"open","template":"","meta":{"_acf_changed":false,"footnotes":""},"class_list":["post-3","page","type-page","status-publish","hentry"],"acf":[],"yoast_head":"<!-- This site is optimized with the Yoast SEO plugin v26.8 - https:\/\/yoast.com\/product\/yoast-seo-wordpress\/ -->\n<title>Pol\u00edtica de privacidade e cookies - Fidalgas de Santar<\/title>\n<meta name=\"robots\" content=\"noindex, follow, max-snippet:-1, max-image-preview:large, max-video-preview:-1\" \/>\n<meta property=\"og:locale\" content=\"en_GB\" \/>\n<meta property=\"og:type\" content=\"article\" \/>\n<meta property=\"og:title\" content=\"Pol\u00edtica de privacidade e cookies - Fidalgas de Santar\" \/>\n<meta property=\"og:description\" content=\"A Frutic\u00e1lia cumpre com as obriga\u00e7\u00f5es que para si decorrem da Lei de Prote\u00e7\u00e3o de Dados e da Lei de tratamento de dados pessoais e de prote\u00e7\u00e3o da privacidade no sector das telecomunica\u00e7\u00f5es eletr\u00f3nicas. A nossa Pol\u00edtica de Privacidade e Cookies explica como iremos tratar qualquer informa\u00e7\u00e3o pessoal que nos fornecer quando usar este website [&hellip;]\" \/>\n<meta property=\"og:url\" content=\"https:\/\/vinassantar.celeumasandbox.pt\/en\/politica-privacidade\/\" \/>\n<meta property=\"og:site_name\" content=\"Fidalgas de Santar\" \/>\n<meta property=\"article:modified_time\" content=\"2025-08-26T15:49:50+00:00\" \/>\n<meta name=\"twitter:card\" content=\"summary_large_image\" \/>\n<meta name=\"twitter:label1\" content=\"Estimated reading time\" \/>\n\t<meta name=\"twitter:data1\" content=\"8 minutes\" \/>\n<script type=\"application\/ld+json\" class=\"yoast-schema-graph\">{\"@context\":\"https:\/\/schema.org\",\"@graph\":[{\"@type\":\"WebPage\",\"@id\":\"https:\/\/vinassantar.celeumasandbox.pt\/politica-privacidade\/\",\"url\":\"https:\/\/vinassantar.celeumasandbox.pt\/politica-privacidade\/\",\"name\":\"Pol\u00edtica de privacidade e cookies - Fidalgas de Santar\",\"isPartOf\":{\"@id\":\"https:\/\/vinassantar.celeumasandbox.pt\/#website\"},\"datePublished\":\"2024-06-19T08:49:24+00:00\",\"dateModified\":\"2025-08-26T15:49:50+00:00\",\"breadcrumb\":{\"@id\":\"https:\/\/vinassantar.celeumasandbox.pt\/politica-privacidade\/#breadcrumb\"},\"inLanguage\":\"en-GB\",\"potentialAction\":[{\"@type\":\"ReadAction\",\"target\":[\"https:\/\/vinassantar.celeumasandbox.pt\/politica-privacidade\/\"]}]},{\"@type\":\"BreadcrumbList\",\"@id\":\"https:\/\/vinassantar.celeumasandbox.pt\/politica-privacidade\/#breadcrumb\",\"itemListElement\":[{\"@type\":\"ListItem\",\"position\":1,\"name\":\"In\u00edcio\",\"item\":\"https:\/\/vinassantar.celeumasandbox.pt\/\"},{\"@type\":\"ListItem\",\"position\":2,\"name\":\"Pol\u00edtica de privacidade e cookies\"}]},{\"@type\":\"WebSite\",\"@id\":\"https:\/\/vinassantar.celeumasandbox.pt\/#website\",\"url\":\"https:\/\/vinassantar.celeumasandbox.pt\/\",\"name\":\"Fidalgas de Santar\",\"description\":\"Vinho\/Bebidas espirituosas\",\"publisher\":{\"@id\":\"https:\/\/vinassantar.celeumasandbox.pt\/#organization\"},\"potentialAction\":[{\"@type\":\"SearchAction\",\"target\":{\"@type\":\"EntryPoint\",\"urlTemplate\":\"https:\/\/vinassantar.celeumasandbox.pt\/?s={search_term_string}\"},\"query-input\":{\"@type\":\"PropertyValueSpecification\",\"valueRequired\":true,\"valueName\":\"search_term_string\"}}],\"inLanguage\":\"en-GB\"},{\"@type\":\"Organization\",\"@id\":\"https:\/\/vinassantar.celeumasandbox.pt\/#organization\",\"name\":\"Fidalgas de Santar\",\"url\":\"https:\/\/vinassantar.celeumasandbox.pt\/\",\"logo\":{\"@type\":\"ImageObject\",\"inLanguage\":\"en-GB\",\"@id\":\"https:\/\/vinassantar.celeumasandbox.pt\/#\/schema\/logo\/image\/\",\"url\":\"https:\/\/vinassantar.celeumasandbox.pt\/wp-content\/uploads\/2025\/12\/cropped-logo2.jpg\",\"contentUrl\":\"https:\/\/vinassantar.celeumasandbox.pt\/wp-content\/uploads\/2025\/12\/cropped-logo2.jpg\",\"width\":789,\"height\":664,\"caption\":\"Fidalgas de Santar\"},\"image\":{\"@id\":\"https:\/\/vinassantar.celeumasandbox.pt\/#\/schema\/logo\/image\/\"}}]}<\/script>\n<!-- \/ Yoast SEO plugin. -->","yoast_head_json":{"title":"Pol\u00edtica de privacidade e cookies - Fidalgas de Santar","robots":{"index":"noindex","follow":"follow","max-snippet":"max-snippet:-1","max-image-preview":"max-image-preview:large","max-video-preview":"max-video-preview:-1"},"og_locale":"en_GB","og_type":"article","og_title":"Pol\u00edtica de privacidade e cookies - Fidalgas de Santar","og_description":"A Frutic\u00e1lia cumpre com as obriga\u00e7\u00f5es que para si decorrem da Lei de Prote\u00e7\u00e3o de Dados e da Lei de tratamento de dados pessoais e de prote\u00e7\u00e3o da privacidade no sector das telecomunica\u00e7\u00f5es eletr\u00f3nicas. A nossa Pol\u00edtica de Privacidade e Cookies explica como iremos tratar qualquer informa\u00e7\u00e3o pessoal que nos fornecer quando usar este website [&hellip;]","og_url":"https:\/\/vinassantar.celeumasandbox.pt\/en\/politica-privacidade\/","og_site_name":"Fidalgas de Santar","article_modified_time":"2025-08-26T15:49:50+00:00","twitter_card":"summary_large_image","twitter_misc":{"Estimated reading time":"8 minutes"},"schema":{"@context":"https:\/\/schema.org","@graph":[{"@type":"WebPage","@id":"https:\/\/vinassantar.celeumasandbox.pt\/politica-privacidade\/","url":"https:\/\/vinassantar.celeumasandbox.pt\/politica-privacidade\/","name":"Pol\u00edtica de privacidade e cookies - Fidalgas de Santar","isPartOf":{"@id":"https:\/\/vinassantar.celeumasandbox.pt\/#website"},"datePublished":"2024-06-19T08:49:24+00:00","dateModified":"2025-08-26T15:49:50+00:00","breadcrumb":{"@id":"https:\/\/vinassantar.celeumasandbox.pt\/politica-privacidade\/#breadcrumb"},"inLanguage":"en-GB","potentialAction":[{"@type":"ReadAction","target":["https:\/\/vinassantar.celeumasandbox.pt\/politica-privacidade\/"]}]},{"@type":"BreadcrumbList","@id":"https:\/\/vinassantar.celeumasandbox.pt\/politica-privacidade\/#breadcrumb","itemListElement":[{"@type":"ListItem","position":1,"name":"In\u00edcio","item":"https:\/\/vinassantar.celeumasandbox.pt\/"},{"@type":"ListItem","position":2,"name":"Pol\u00edtica de privacidade e cookies"}]},{"@type":"WebSite","@id":"https:\/\/vinassantar.celeumasandbox.pt\/#website","url":"https:\/\/vinassantar.celeumasandbox.pt\/","name":"Fidalgas de Santar","description":"Vinho\/Bebidas espirituosas","publisher":{"@id":"https:\/\/vinassantar.celeumasandbox.pt\/#organization"},"potentialAction":[{"@type":"SearchAction","target":{"@type":"EntryPoint","urlTemplate":"https:\/\/vinassantar.celeumasandbox.pt\/?s={search_term_string}"},"query-input":{"@type":"PropertyValueSpecification","valueRequired":true,"valueName":"search_term_string"}}],"inLanguage":"en-GB"},{"@type":"Organization","@id":"https:\/\/vinassantar.celeumasandbox.pt\/#organization","name":"Fidalgas de Santar","url":"https:\/\/vinassantar.celeumasandbox.pt\/","logo":{"@type":"ImageObject","inLanguage":"en-GB","@id":"https:\/\/vinassantar.celeumasandbox.pt\/#\/schema\/logo\/image\/","url":"https:\/\/vinassantar.celeumasandbox.pt\/wp-content\/uploads\/2025\/12\/cropped-logo2.jpg","contentUrl":"https:\/\/vinassantar.celeumasandbox.pt\/wp-content\/uploads\/2025\/12\/cropped-logo2.jpg","width":789,"height":664,"caption":"Fidalgas de Santar"},"image":{"@id":"https:\/\/vinassantar.celeumasandbox.pt\/#\/schema\/logo\/image\/"}}]}},"_links":{"self":[{"href":"https:\/\/vinassantar.celeumasandbox.pt\/en\/wp-json\/wp\/v2\/pages\/3","targetHints":{"allow":["GET"]}}],"collection":[{"href":"https:\/\/vinassantar.celeumasandbox.pt\/en\/wp-json\/wp\/v2\/pages"}],"about":[{"href":"https:\/\/vinassantar.celeumasandbox.pt\/en\/wp-json\/wp\/v2\/types\/page"}],"author":[{"embeddable":true,"href":"https:\/\/vinassantar.celeumasandbox.pt\/en\/wp-json\/wp\/v2\/users\/1"}],"replies":[{"embeddable":true,"href":"https:\/\/vinassantar.celeumasandbox.pt\/en\/wp-json\/wp\/v2\/comments?post=3"}],"version-history":[{"count":13,"href":"https:\/\/vinassantar.celeumasandbox.pt\/en\/wp-json\/wp\/v2\/pages\/3\/revisions"}],"predecessor-version":[{"id":8626,"href":"https:\/\/vinassantar.celeumasandbox.pt\/en\/wp-json\/wp\/v2\/pages\/3\/revisions\/8626"}],"wp:attachment":[{"href":"https:\/\/vinassantar.celeumasandbox.pt\/en\/wp-json\/wp\/v2\/media?parent=3"}],"curies":[{"name":"wp","href":"https:\/\/api.w.org\/{rel}","templated":true}]}}