{"id":465,"date":"2024-12-20T17:02:12","date_gmt":"2024-12-20T17:02:12","guid":{"rendered":"https:\/\/vinassantar.celeumasandbox.pt\/?page_id=465"},"modified":"2025-08-25T16:22:06","modified_gmt":"2025-08-25T16:22:06","slug":"termos-e-condicoes","status":"publish","type":"page","link":"https:\/\/vinassantar.celeumasandbox.pt\/en\/termos-e-condicoes\/","title":{"rendered":"Terms and Conditions"},"content":{"rendered":"<div class=\"container\">\n<div class=\"content content--page content--start\">\n<h2>1. Termos<\/h2>\n<div>Ao aceder ao site da Frutic\u00e1lia, concorda em cumprir estes termos de servi\u00e7o, todas as leis e regulamentos aplic\u00e1veis \u200b\u200be concorda que \u00e9 respons\u00e1vel pelo cumprimento de todas as leis locais aplic\u00e1veis. Se n\u00e3o concordar com algum destes termos, est\u00e1 proibido de usar ou aceder a este site. Os materiais contidos neste site s\u00e3o protegidos pelas leis de direitos autorais e marcas comerciais aplic\u00e1veis.<\/div>\n<div><\/div>\n<h2>2. Uso de Licen\u00e7a<\/h2>\n<div>\u00c9 concedida permiss\u00e3o para baixar temporariamente uma c\u00f3pia dos materiais (informa\u00e7\u00f5es ou software) no site Fruticalia, apenas para visualiza\u00e7\u00e3o transit\u00f3ria pessoal e n\u00e3o comercial. Esta \u00e9 a concess\u00e3o de uma licen\u00e7a, n\u00e3o uma transfer\u00eancia de t\u00edtulo e, sob esta licen\u00e7a, n\u00e3o pode:<\/div>\n<ul>\n<li>Modificar ou copiar os materiais;<\/li>\n<li>Usar os materiais para qualquer finalidade comercial ou para exibi\u00e7\u00e3o p\u00fablica (comercial ou n\u00e3o comercial);<\/li>\n<li>Tentar descompilar ou fazer engenharia reversa de qualquer software contido no site Fruticalia;<\/li>\n<li>Remover quaisquer direitos autorais ou outras nota\u00e7\u00f5es de propriedade dos materiais;<\/li>\n<li>Transferir os materiais para outra pessoa ou \u2018espelhe\u2019 os materiais em qualquer outro servidor.<\/li>\n<\/ul>\n<div>Esta licen\u00e7a ser\u00e1 automaticamente rescindida se violar alguma destas restri\u00e7\u00f5es e poder\u00e1 ser rescindida pela Frutic\u00e1lia a qualquer momento. Ao encerrar a visualiza\u00e7\u00e3o desses materiais ou ap\u00f3s o t\u00e9rmino desta licen\u00e7a, voc\u00ea deve apagar todos os materiais descarregados em sua posse, seja em formato eletr\u00f3nico ou impresso.<\/div>\n<div><\/div>\n<h2>3. Isen\u00e7\u00e3o de responsabilidade<\/h2>\n<div>Os materiais no site da Frutic\u00e1lia s\u00e3o fornecidos \u201ccomo est\u00e3o\u201d. A Frutic\u00e1lia n\u00e3o oferece garantias, expressas ou impl\u00edcitas, e, por este meio, isenta e nega todas as outras garantias, incluindo, sem limita\u00e7\u00e3o, garantias impl\u00edcitas ou condi\u00e7\u00f5es de comercializa\u00e7\u00e3o, adequa\u00e7\u00e3o a um fim espec\u00edfico ou n\u00e3o viola\u00e7\u00e3o de propriedade intelectual ou outra viola\u00e7\u00e3o de direitos.<\/div>\n<div>Al\u00e9m disso, a Frutic\u00e1lia n\u00e3o garante ou faz qualquer representa\u00e7\u00e3o relativa \u00e0 precis\u00e3o, aos resultados prov\u00e1veis \u200b\u200bou \u00e0 confiabilidade do uso dos materiais neste site ou de outra forma relacionado a esses materiais ou em sites vinculados a este site.<\/div>\n<div><\/div>\n<h2>4. Limita\u00e7\u00f5es<\/h2>\n<div>Em nenhum caso a Frutic\u00e1lia ou os seus fornecedores ser\u00e3o respons\u00e1veis \u200b\u200bpor quaisquer danos (incluindo, sem limita\u00e7\u00e3o, danos por perda de dados ou lucro ou devido a interrup\u00e7\u00e3o dos neg\u00f3cios) decorrentes do uso ou da incapacidade de usar os materiais no site da Fruticalia, mesmo que a Frutic\u00e1lia ou um representante autorizado da Frutic\u00e1lia tenha sido notificado oralmente ou por escrito da possibilidade de tais danos. Como algumas jurisdi\u00e7\u00f5es n\u00e3o permitem limita\u00e7\u00f5es em garantias impl\u00edcitas, ou limita\u00e7\u00f5es de responsabilidade por danos consequentes ou incidentais, essas limita\u00e7\u00f5es podem n\u00e3o se aplicar \u00e0 sua situa\u00e7\u00e3o.<\/div>\n<div><\/div>\n<h2>5. Precis\u00e3o dos materiais<\/h2>\n<div>Os materiais exibidos no site da Frutic\u00e1lia podem incluir erros t\u00e9cnicos, tipogr\u00e1ficos ou fotogr\u00e1ficos. A Frutic\u00e1lia n\u00e3o garante que qualquer material no seu site seja preciso, completo ou atual. A Frutic\u00e1lia pode fazer altera\u00e7\u00f5es nos materiais contidos no seu site a qualquer momento, sem aviso pr\u00e9vio. No entanto, Frutic\u00e1lia n\u00e3o se compromete a atualizar os materiais.<\/div>\n<div><\/div>\n<h2>6. Links<\/h2>\n<div>A Frutic\u00e1lia n\u00e3o analisou todos os sites vinculados ao seu site e n\u00e3o \u00e9 respons\u00e1vel pelo conte\u00fado de nenhum site vinculado. A inclus\u00e3o de qualquer link n\u00e3o implica endosso pela Frutic\u00e1lia do site. O uso de qualquer site vinculado \u00e9 por conta e risco do utilizador.<\/div>\n<div><\/div>\n<h2>7. Modifica\u00e7\u00f5es<\/h2>\n<div>A Frutic\u00e1lia pode rever estes termos e condi\u00e7\u00f5es de servi\u00e7o a qualquer momento, sem aviso pr\u00e9vio. Ao usar este site, concorda em ficar vinculado \u00e0 vers\u00e3o atual destes termos e condi\u00e7\u00f5es de servi\u00e7o.<\/div>\n<div><\/div>\n<h2>8. Lei aplic\u00e1vel<\/h2>\n<div>Estes termos e condi\u00e7\u00f5es de servi\u00e7o s\u00e3o regidos e interpretados de acordo com as leis da Frutic\u00e1lia e o utilizador submete-se irrevogavelmente \u00e0 jurisdi\u00e7\u00e3o exclusiva dos tribunais portugueses e\/ou viseense.<\/div>\n<\/div>\n<\/div>","protected":false},"excerpt":{"rendered":"<p>1. Termos Ao aceder ao site da Frutic\u00e1lia, concorda em cumprir estes termos de servi\u00e7o, todas as leis e regulamentos aplic\u00e1veis \u200b\u200be concorda que \u00e9 respons\u00e1vel pelo cumprimento de todas as leis locais aplic\u00e1veis. Se n\u00e3o concordar com algum destes termos, est\u00e1 proibido de usar ou aceder a este site. Os materiais contidos neste site [&hellip;]<\/p>","protected":false},"author":1,"featured_media":0,"parent":0,"menu_order":0,"comment_status":"closed","ping_status":"closed","template":"","meta":{"_acf_changed":false,"footnotes":""},"class_list":["post-465","page","type-page","status-publish","hentry"],"acf":[],"yoast_head":"<!-- This site is optimized with the Yoast SEO plugin v26.8 - https:\/\/yoast.com\/product\/yoast-seo-wordpress\/ -->\n<title>Termos e Condi\u00e7\u00f5es - Fidalgas de Santar<\/title>\n<meta name=\"robots\" content=\"noindex, follow, max-snippet:-1, max-image-preview:large, max-video-preview:-1\" \/>\n<meta property=\"og:locale\" content=\"en_GB\" \/>\n<meta property=\"og:type\" content=\"article\" \/>\n<meta property=\"og:title\" content=\"Termos e Condi\u00e7\u00f5es - Fidalgas de Santar\" \/>\n<meta property=\"og:description\" content=\"1. Termos Ao aceder ao site da Frutic\u00e1lia, concorda em cumprir estes termos de servi\u00e7o, todas as leis e regulamentos aplic\u00e1veis \u200b\u200be concorda que \u00e9 respons\u00e1vel pelo cumprimento de todas as leis locais aplic\u00e1veis. Se n\u00e3o concordar com algum destes termos, est\u00e1 proibido de usar ou aceder a este site. Os materiais contidos neste site [&hellip;]\" \/>\n<meta property=\"og:url\" content=\"https:\/\/vinassantar.celeumasandbox.pt\/en\/termos-e-condicoes\/\" \/>\n<meta property=\"og:site_name\" content=\"Fidalgas de Santar\" \/>\n<meta property=\"article:modified_time\" content=\"2025-08-25T16:22:06+00:00\" \/>\n<meta name=\"twitter:card\" content=\"summary_large_image\" \/>\n<meta name=\"twitter:label1\" content=\"Estimated reading time\" \/>\n\t<meta name=\"twitter:data1\" content=\"4 minutes\" \/>\n<script type=\"application\/ld+json\" class=\"yoast-schema-graph\">{\"@context\":\"https:\/\/schema.org\",\"@graph\":[{\"@type\":\"WebPage\",\"@id\":\"https:\/\/vinassantar.celeumasandbox.pt\/termos-e-condicoes\/\",\"url\":\"https:\/\/vinassantar.celeumasandbox.pt\/termos-e-condicoes\/\",\"name\":\"Termos e Condi\u00e7\u00f5es - Fidalgas de Santar\",\"isPartOf\":{\"@id\":\"https:\/\/vinassantar.celeumasandbox.pt\/#website\"},\"datePublished\":\"2024-12-20T17:02:12+00:00\",\"dateModified\":\"2025-08-25T16:22:06+00:00\",\"breadcrumb\":{\"@id\":\"https:\/\/vinassantar.celeumasandbox.pt\/termos-e-condicoes\/#breadcrumb\"},\"inLanguage\":\"en-GB\",\"potentialAction\":[{\"@type\":\"ReadAction\",\"target\":[\"https:\/\/vinassantar.celeumasandbox.pt\/termos-e-condicoes\/\"]}]},{\"@type\":\"BreadcrumbList\",\"@id\":\"https:\/\/vinassantar.celeumasandbox.pt\/termos-e-condicoes\/#breadcrumb\",\"itemListElement\":[{\"@type\":\"ListItem\",\"position\":1,\"name\":\"In\u00edcio\",\"item\":\"https:\/\/vinassantar.celeumasandbox.pt\/\"},{\"@type\":\"ListItem\",\"position\":2,\"name\":\"Termos e Condi\u00e7\u00f5es\"}]},{\"@type\":\"WebSite\",\"@id\":\"https:\/\/vinassantar.celeumasandbox.pt\/#website\",\"url\":\"https:\/\/vinassantar.celeumasandbox.pt\/\",\"name\":\"Fidalgas de Santar\",\"description\":\"Vinho\/Bebidas espirituosas\",\"publisher\":{\"@id\":\"https:\/\/vinassantar.celeumasandbox.pt\/#organization\"},\"potentialAction\":[{\"@type\":\"SearchAction\",\"target\":{\"@type\":\"EntryPoint\",\"urlTemplate\":\"https:\/\/vinassantar.celeumasandbox.pt\/?s={search_term_string}\"},\"query-input\":{\"@type\":\"PropertyValueSpecification\",\"valueRequired\":true,\"valueName\":\"search_term_string\"}}],\"inLanguage\":\"en-GB\"},{\"@type\":\"Organization\",\"@id\":\"https:\/\/vinassantar.celeumasandbox.pt\/#organization\",\"name\":\"Fidalgas de Santar\",\"url\":\"https:\/\/vinassantar.celeumasandbox.pt\/\",\"logo\":{\"@type\":\"ImageObject\",\"inLanguage\":\"en-GB\",\"@id\":\"https:\/\/vinassantar.celeumasandbox.pt\/#\/schema\/logo\/image\/\",\"url\":\"https:\/\/vinassantar.celeumasandbox.pt\/wp-content\/uploads\/2025\/12\/cropped-logo2.jpg\",\"contentUrl\":\"https:\/\/vinassantar.celeumasandbox.pt\/wp-content\/uploads\/2025\/12\/cropped-logo2.jpg\",\"width\":789,\"height\":664,\"caption\":\"Fidalgas de Santar\"},\"image\":{\"@id\":\"https:\/\/vinassantar.celeumasandbox.pt\/#\/schema\/logo\/image\/\"}}]}<\/script>\n<!-- \/ Yoast SEO plugin. -->","yoast_head_json":{"title":"Termos e Condi\u00e7\u00f5es - Fidalgas de Santar","robots":{"index":"noindex","follow":"follow","max-snippet":"max-snippet:-1","max-image-preview":"max-image-preview:large","max-video-preview":"max-video-preview:-1"},"og_locale":"en_GB","og_type":"article","og_title":"Termos e Condi\u00e7\u00f5es - Fidalgas de Santar","og_description":"1. Termos Ao aceder ao site da Frutic\u00e1lia, concorda em cumprir estes termos de servi\u00e7o, todas as leis e regulamentos aplic\u00e1veis \u200b\u200be concorda que \u00e9 respons\u00e1vel pelo cumprimento de todas as leis locais aplic\u00e1veis. Se n\u00e3o concordar com algum destes termos, est\u00e1 proibido de usar ou aceder a este site. Os materiais contidos neste site [&hellip;]","og_url":"https:\/\/vinassantar.celeumasandbox.pt\/en\/termos-e-condicoes\/","og_site_name":"Fidalgas de Santar","article_modified_time":"2025-08-25T16:22:06+00:00","twitter_card":"summary_large_image","twitter_misc":{"Estimated reading time":"4 minutes"},"schema":{"@context":"https:\/\/schema.org","@graph":[{"@type":"WebPage","@id":"https:\/\/vinassantar.celeumasandbox.pt\/termos-e-condicoes\/","url":"https:\/\/vinassantar.celeumasandbox.pt\/termos-e-condicoes\/","name":"Termos e Condi\u00e7\u00f5es - Fidalgas de Santar","isPartOf":{"@id":"https:\/\/vinassantar.celeumasandbox.pt\/#website"},"datePublished":"2024-12-20T17:02:12+00:00","dateModified":"2025-08-25T16:22:06+00:00","breadcrumb":{"@id":"https:\/\/vinassantar.celeumasandbox.pt\/termos-e-condicoes\/#breadcrumb"},"inLanguage":"en-GB","potentialAction":[{"@type":"ReadAction","target":["https:\/\/vinassantar.celeumasandbox.pt\/termos-e-condicoes\/"]}]},{"@type":"BreadcrumbList","@id":"https:\/\/vinassantar.celeumasandbox.pt\/termos-e-condicoes\/#breadcrumb","itemListElement":[{"@type":"ListItem","position":1,"name":"In\u00edcio","item":"https:\/\/vinassantar.celeumasandbox.pt\/"},{"@type":"ListItem","position":2,"name":"Termos e Condi\u00e7\u00f5es"}]},{"@type":"WebSite","@id":"https:\/\/vinassantar.celeumasandbox.pt\/#website","url":"https:\/\/vinassantar.celeumasandbox.pt\/","name":"Fidalgas de Santar","description":"Vinho\/Bebidas espirituosas","publisher":{"@id":"https:\/\/vinassantar.celeumasandbox.pt\/#organization"},"potentialAction":[{"@type":"SearchAction","target":{"@type":"EntryPoint","urlTemplate":"https:\/\/vinassantar.celeumasandbox.pt\/?s={search_term_string}"},"query-input":{"@type":"PropertyValueSpecification","valueRequired":true,"valueName":"search_term_string"}}],"inLanguage":"en-GB"},{"@type":"Organization","@id":"https:\/\/vinassantar.celeumasandbox.pt\/#organization","name":"Fidalgas de Santar","url":"https:\/\/vinassantar.celeumasandbox.pt\/","logo":{"@type":"ImageObject","inLanguage":"en-GB","@id":"https:\/\/vinassantar.celeumasandbox.pt\/#\/schema\/logo\/image\/","url":"https:\/\/vinassantar.celeumasandbox.pt\/wp-content\/uploads\/2025\/12\/cropped-logo2.jpg","contentUrl":"https:\/\/vinassantar.celeumasandbox.pt\/wp-content\/uploads\/2025\/12\/cropped-logo2.jpg","width":789,"height":664,"caption":"Fidalgas de Santar"},"image":{"@id":"https:\/\/vinassantar.celeumasandbox.pt\/#\/schema\/logo\/image\/"}}]}},"_links":{"self":[{"href":"https:\/\/vinassantar.celeumasandbox.pt\/en\/wp-json\/wp\/v2\/pages\/465","targetHints":{"allow":["GET"]}}],"collection":[{"href":"https:\/\/vinassantar.celeumasandbox.pt\/en\/wp-json\/wp\/v2\/pages"}],"about":[{"href":"https:\/\/vinassantar.celeumasandbox.pt\/en\/wp-json\/wp\/v2\/types\/page"}],"author":[{"embeddable":true,"href":"https:\/\/vinassantar.celeumasandbox.pt\/en\/wp-json\/wp\/v2\/users\/1"}],"replies":[{"embeddable":true,"href":"https:\/\/vinassantar.celeumasandbox.pt\/en\/wp-json\/wp\/v2\/comments?post=465"}],"version-history":[{"count":8,"href":"https:\/\/vinassantar.celeumasandbox.pt\/en\/wp-json\/wp\/v2\/pages\/465\/revisions"}],"predecessor-version":[{"id":8623,"href":"https:\/\/vinassantar.celeumasandbox.pt\/en\/wp-json\/wp\/v2\/pages\/465\/revisions\/8623"}],"wp:attachment":[{"href":"https:\/\/vinassantar.celeumasandbox.pt\/en\/wp-json\/wp\/v2\/media?parent=465"}],"curies":[{"name":"wp","href":"https:\/\/api.w.org\/{rel}","templated":true}]}}