{"id":8620,"date":"2025-08-25T16:16:37","date_gmt":"2025-08-25T16:16:37","guid":{"rendered":"https:\/\/vinassantar.celeumasandbox.pt\/?page_id=8620"},"modified":"2025-08-25T16:16:37","modified_gmt":"2025-08-25T16:16:37","slug":"declaracao-de-acessibilidade","status":"publish","type":"page","link":"https:\/\/vinassantar.celeumasandbox.pt\/en\/declaracao-de-acessibilidade\/","title":{"rendered":"Accessibility Statement"},"content":{"rendered":"<p><strong>Data da \u00faltima atualiza\u00e7\u00e3o da declara\u00e7\u00e3o:<\/strong> 25 de Agosto, 2025<\/p>\n<p>A Frutic\u00e1lia compromete-se a tornar o seu website acess\u00edvel, de acordo com o Decreto-Lei n.\u00ba 83\/2018, de 19 de outubro, e com o Decreto-Lei n.\u00ba 82\/2022, de 6 de dezembro, que transp\u00f5em para a ordem jur\u00eddica nacional a Diretiva (UE) 2016\/2102 e o Regulamento (UE) 2019\/882, respetivamente.<\/p>\n<h2><strong>Situa\u00e7\u00e3o atual de conformidade<\/strong><\/h2>\n<p>Este website\u00a0<strong>est\u00e1 parcialmente conforme<\/strong>\u00a0com os requisitos de acessibilidade constantes do WCAG 2.1 n\u00edvel AA, devido \u00e0s n\u00e3o conformidades listadas abaixo.<\/p>\n<h3><strong>Conte\u00fado n\u00e3o acess\u00edvel<\/strong><\/h3>\n<p>Algumas partes deste website\u00a0<strong>n\u00e3o est\u00e3o totalmente acess\u00edveis<\/strong>, pelos seguintes motivos:<\/p>\n<ol>\n<li><strong>a) N\u00e3o conformidade com os requisitos de acessibilidade:<\/strong><\/li>\n<\/ol>\n<ul>\n<li>Certos elementos de interface, como\u00a0<strong>bot\u00f5es e textos sobre fundos claros<\/strong>, n\u00e3o cumprem o crit\u00e9rio 1.4.3 (Contraste M\u00ednimo), dificultando a leitura para pessoas com baixa vis\u00e3o.<\/li>\n<\/ul>\n<p>Estes problemas encontram-se em fase de levantamento t\u00e9cnico e ser\u00e3o corrigidos progressivamente at\u00e9 ao final do ano de 2025.<\/p>\n<ol>\n<li><strong>b) Conte\u00fado fora do \u00e2mbito da legisla\u00e7\u00e3o aplic\u00e1vel:<\/strong><\/li>\n<\/ol>\n<ul>\n<li>Alguns ficheiros PDF antigos disponibilizados no website podem\u00a0<strong>n\u00e3o ter sido gerados de forma acess\u00edvel<\/strong>, pois foram produzidos antes de 2018. Estes documentos encontram-se assinalados e ser\u00e3o substitu\u00eddos gradualmente por vers\u00f5es acess\u00edveis.<\/li>\n<\/ul>\n<h2><strong>Plano de melhoria cont\u00ednua<\/strong><\/h2>\n<p>Est\u00e1 em curso uma revis\u00e3o global da interface gr\u00e1fica e estrutura t\u00e9cnica do site com o objetivo de atingir\u00a0<strong>conformidade total com o WCAG 2.1 AA<\/strong>\u00a0at\u00e9 ao final do ano de 2025. Todas as altera\u00e7\u00f5es ser\u00e3o desenvolvidas j\u00e1 com acessibilidade incorporada por defeito (<em>accessibility by design<\/em>).<\/p>\n<h2><strong>Contactos e feedback<\/strong><\/h2>\n<p>Se detetou algum problema de acessibilidade ou pretende reportar uma falha, por favor contacte-nos atrav\u00e9s de:<\/p>\n<ul>\n<li>Email: <a href=\"mailto:fruticalia24@gmail.com\">fruticalia24@gmail.com<\/a><\/li>\n<li>Telefone: <a href=\"tel:+351232940135\">(+351) 232 940 135<\/a>\u00a0(Custo de chamada para rede fixa nacional)<\/li>\n<li>Formul\u00e1rio:\u00a0<a href=\"https:\/\/fruticalia.pt\/contactos\">Frutic\u00e1lia \u2013 Contactos<\/a><\/li>\n<\/ul>\n<h2><strong>Mecanismo de reclama\u00e7\u00e3o<\/strong><\/h2>\n<p>Se n\u00e3o obtiver uma resposta satisfat\u00f3ria no prazo de\u00a0<strong>30 dias \u00fateis<\/strong>, poder\u00e1 recorrer \u00e0 entidade competente:<\/p>\n<p><strong>Instituto Nacional para a Reabilita\u00e7\u00e3o, I.P.<\/strong><br \/>\nAv. Conde de Valbom, 63 \u2013 1069-178 Lisboa<br \/>\ninr@inr.mtsss.pt<br \/>\n<a href=\"https:\/\/www.inr.pt\/\">https:\/\/www.inr.pt<\/a><\/p>","protected":false},"excerpt":{"rendered":"<p>Data da \u00faltima atualiza\u00e7\u00e3o da declara\u00e7\u00e3o: 25 de Agosto, 2025 A Frutic\u00e1lia compromete-se a tornar o seu website acess\u00edvel, de acordo com o Decreto-Lei n.\u00ba 83\/2018, de 19 de outubro, e com o Decreto-Lei n.\u00ba 82\/2022, de 6 de dezembro, que transp\u00f5em para a ordem jur\u00eddica nacional a Diretiva (UE) 2016\/2102 e o Regulamento (UE) [&hellip;]<\/p>","protected":false},"author":1,"featured_media":0,"parent":0,"menu_order":0,"comment_status":"closed","ping_status":"closed","template":"","meta":{"_acf_changed":false,"footnotes":""},"class_list":["post-8620","page","type-page","status-publish","hentry"],"acf":[],"yoast_head":"<!-- This site is optimized with the Yoast SEO plugin v26.8 - https:\/\/yoast.com\/product\/yoast-seo-wordpress\/ -->\n<title>Declara\u00e7\u00e3o de Acessibilidade - Fidalgas de Santar<\/title>\n<meta name=\"robots\" content=\"noindex, follow, max-snippet:-1, max-image-preview:large, max-video-preview:-1\" \/>\n<meta property=\"og:locale\" content=\"en_GB\" \/>\n<meta property=\"og:type\" content=\"article\" \/>\n<meta property=\"og:title\" content=\"Declara\u00e7\u00e3o de Acessibilidade - Fidalgas de Santar\" \/>\n<meta property=\"og:description\" content=\"Data da \u00faltima atualiza\u00e7\u00e3o da declara\u00e7\u00e3o: 25 de Agosto, 2025 A Frutic\u00e1lia compromete-se a tornar o seu website acess\u00edvel, de acordo com o Decreto-Lei n.\u00ba 83\/2018, de 19 de outubro, e com o Decreto-Lei n.\u00ba 82\/2022, de 6 de dezembro, que transp\u00f5em para a ordem jur\u00eddica nacional a Diretiva (UE) 2016\/2102 e o Regulamento (UE) [&hellip;]\" \/>\n<meta property=\"og:url\" content=\"https:\/\/vinassantar.celeumasandbox.pt\/en\/declaracao-de-acessibilidade\/\" \/>\n<meta property=\"og:site_name\" content=\"Fidalgas de Santar\" \/>\n<meta name=\"twitter:card\" content=\"summary_large_image\" \/>\n<meta name=\"twitter:label1\" content=\"Estimated reading time\" \/>\n\t<meta name=\"twitter:data1\" content=\"2 minutes\" \/>\n<script type=\"application\/ld+json\" class=\"yoast-schema-graph\">{\"@context\":\"https:\/\/schema.org\",\"@graph\":[{\"@type\":\"WebPage\",\"@id\":\"https:\/\/vinassantar.celeumasandbox.pt\/declaracao-de-acessibilidade\/\",\"url\":\"https:\/\/vinassantar.celeumasandbox.pt\/declaracao-de-acessibilidade\/\",\"name\":\"Declara\u00e7\u00e3o de Acessibilidade - Fidalgas de Santar\",\"isPartOf\":{\"@id\":\"https:\/\/vinassantar.celeumasandbox.pt\/#website\"},\"datePublished\":\"2025-08-25T16:16:37+00:00\",\"breadcrumb\":{\"@id\":\"https:\/\/vinassantar.celeumasandbox.pt\/declaracao-de-acessibilidade\/#breadcrumb\"},\"inLanguage\":\"en-GB\",\"potentialAction\":[{\"@type\":\"ReadAction\",\"target\":[\"https:\/\/vinassantar.celeumasandbox.pt\/declaracao-de-acessibilidade\/\"]}]},{\"@type\":\"BreadcrumbList\",\"@id\":\"https:\/\/vinassantar.celeumasandbox.pt\/declaracao-de-acessibilidade\/#breadcrumb\",\"itemListElement\":[{\"@type\":\"ListItem\",\"position\":1,\"name\":\"In\u00edcio\",\"item\":\"https:\/\/vinassantar.celeumasandbox.pt\/\"},{\"@type\":\"ListItem\",\"position\":2,\"name\":\"Declara\u00e7\u00e3o de Acessibilidade\"}]},{\"@type\":\"WebSite\",\"@id\":\"https:\/\/vinassantar.celeumasandbox.pt\/#website\",\"url\":\"https:\/\/vinassantar.celeumasandbox.pt\/\",\"name\":\"Fidalgas de Santar\",\"description\":\"Vinho\/Bebidas espirituosas\",\"publisher\":{\"@id\":\"https:\/\/vinassantar.celeumasandbox.pt\/#organization\"},\"potentialAction\":[{\"@type\":\"SearchAction\",\"target\":{\"@type\":\"EntryPoint\",\"urlTemplate\":\"https:\/\/vinassantar.celeumasandbox.pt\/?s={search_term_string}\"},\"query-input\":{\"@type\":\"PropertyValueSpecification\",\"valueRequired\":true,\"valueName\":\"search_term_string\"}}],\"inLanguage\":\"en-GB\"},{\"@type\":\"Organization\",\"@id\":\"https:\/\/vinassantar.celeumasandbox.pt\/#organization\",\"name\":\"Fidalgas de Santar\",\"url\":\"https:\/\/vinassantar.celeumasandbox.pt\/\",\"logo\":{\"@type\":\"ImageObject\",\"inLanguage\":\"en-GB\",\"@id\":\"https:\/\/vinassantar.celeumasandbox.pt\/#\/schema\/logo\/image\/\",\"url\":\"https:\/\/vinassantar.celeumasandbox.pt\/wp-content\/uploads\/2025\/12\/cropped-logo2.jpg\",\"contentUrl\":\"https:\/\/vinassantar.celeumasandbox.pt\/wp-content\/uploads\/2025\/12\/cropped-logo2.jpg\",\"width\":789,\"height\":664,\"caption\":\"Fidalgas de Santar\"},\"image\":{\"@id\":\"https:\/\/vinassantar.celeumasandbox.pt\/#\/schema\/logo\/image\/\"}}]}<\/script>\n<!-- \/ Yoast SEO plugin. -->","yoast_head_json":{"title":"Declara\u00e7\u00e3o de Acessibilidade - Fidalgas de Santar","robots":{"index":"noindex","follow":"follow","max-snippet":"max-snippet:-1","max-image-preview":"max-image-preview:large","max-video-preview":"max-video-preview:-1"},"og_locale":"en_GB","og_type":"article","og_title":"Declara\u00e7\u00e3o de Acessibilidade - Fidalgas de Santar","og_description":"Data da \u00faltima atualiza\u00e7\u00e3o da declara\u00e7\u00e3o: 25 de Agosto, 2025 A Frutic\u00e1lia compromete-se a tornar o seu website acess\u00edvel, de acordo com o Decreto-Lei n.\u00ba 83\/2018, de 19 de outubro, e com o Decreto-Lei n.\u00ba 82\/2022, de 6 de dezembro, que transp\u00f5em para a ordem jur\u00eddica nacional a Diretiva (UE) 2016\/2102 e o Regulamento (UE) [&hellip;]","og_url":"https:\/\/vinassantar.celeumasandbox.pt\/en\/declaracao-de-acessibilidade\/","og_site_name":"Fidalgas de Santar","twitter_card":"summary_large_image","twitter_misc":{"Estimated reading time":"2 minutes"},"schema":{"@context":"https:\/\/schema.org","@graph":[{"@type":"WebPage","@id":"https:\/\/vinassantar.celeumasandbox.pt\/declaracao-de-acessibilidade\/","url":"https:\/\/vinassantar.celeumasandbox.pt\/declaracao-de-acessibilidade\/","name":"Declara\u00e7\u00e3o de Acessibilidade - Fidalgas de Santar","isPartOf":{"@id":"https:\/\/vinassantar.celeumasandbox.pt\/#website"},"datePublished":"2025-08-25T16:16:37+00:00","breadcrumb":{"@id":"https:\/\/vinassantar.celeumasandbox.pt\/declaracao-de-acessibilidade\/#breadcrumb"},"inLanguage":"en-GB","potentialAction":[{"@type":"ReadAction","target":["https:\/\/vinassantar.celeumasandbox.pt\/declaracao-de-acessibilidade\/"]}]},{"@type":"BreadcrumbList","@id":"https:\/\/vinassantar.celeumasandbox.pt\/declaracao-de-acessibilidade\/#breadcrumb","itemListElement":[{"@type":"ListItem","position":1,"name":"In\u00edcio","item":"https:\/\/vinassantar.celeumasandbox.pt\/"},{"@type":"ListItem","position":2,"name":"Declara\u00e7\u00e3o de Acessibilidade"}]},{"@type":"WebSite","@id":"https:\/\/vinassantar.celeumasandbox.pt\/#website","url":"https:\/\/vinassantar.celeumasandbox.pt\/","name":"Fidalgas de Santar","description":"Vinho\/Bebidas espirituosas","publisher":{"@id":"https:\/\/vinassantar.celeumasandbox.pt\/#organization"},"potentialAction":[{"@type":"SearchAction","target":{"@type":"EntryPoint","urlTemplate":"https:\/\/vinassantar.celeumasandbox.pt\/?s={search_term_string}"},"query-input":{"@type":"PropertyValueSpecification","valueRequired":true,"valueName":"search_term_string"}}],"inLanguage":"en-GB"},{"@type":"Organization","@id":"https:\/\/vinassantar.celeumasandbox.pt\/#organization","name":"Fidalgas de Santar","url":"https:\/\/vinassantar.celeumasandbox.pt\/","logo":{"@type":"ImageObject","inLanguage":"en-GB","@id":"https:\/\/vinassantar.celeumasandbox.pt\/#\/schema\/logo\/image\/","url":"https:\/\/vinassantar.celeumasandbox.pt\/wp-content\/uploads\/2025\/12\/cropped-logo2.jpg","contentUrl":"https:\/\/vinassantar.celeumasandbox.pt\/wp-content\/uploads\/2025\/12\/cropped-logo2.jpg","width":789,"height":664,"caption":"Fidalgas de Santar"},"image":{"@id":"https:\/\/vinassantar.celeumasandbox.pt\/#\/schema\/logo\/image\/"}}]}},"_links":{"self":[{"href":"https:\/\/vinassantar.celeumasandbox.pt\/en\/wp-json\/wp\/v2\/pages\/8620","targetHints":{"allow":["GET"]}}],"collection":[{"href":"https:\/\/vinassantar.celeumasandbox.pt\/en\/wp-json\/wp\/v2\/pages"}],"about":[{"href":"https:\/\/vinassantar.celeumasandbox.pt\/en\/wp-json\/wp\/v2\/types\/page"}],"author":[{"embeddable":true,"href":"https:\/\/vinassantar.celeumasandbox.pt\/en\/wp-json\/wp\/v2\/users\/1"}],"replies":[{"embeddable":true,"href":"https:\/\/vinassantar.celeumasandbox.pt\/en\/wp-json\/wp\/v2\/comments?post=8620"}],"version-history":[{"count":1,"href":"https:\/\/vinassantar.celeumasandbox.pt\/en\/wp-json\/wp\/v2\/pages\/8620\/revisions"}],"predecessor-version":[{"id":8621,"href":"https:\/\/vinassantar.celeumasandbox.pt\/en\/wp-json\/wp\/v2\/pages\/8620\/revisions\/8621"}],"wp:attachment":[{"href":"https:\/\/vinassantar.celeumasandbox.pt\/en\/wp-json\/wp\/v2\/media?parent=8620"}],"curies":[{"name":"wp","href":"https:\/\/api.w.org\/{rel}","templated":true}]}}