{"id":8705,"date":"2025-12-23T10:22:47","date_gmt":"2025-12-23T10:22:47","guid":{"rendered":"https:\/\/vinassantar.celeumasandbox.pt\/?page_id=8705"},"modified":"2025-12-23T10:22:47","modified_gmt":"2025-12-23T10:22:47","slug":"castas","status":"publish","type":"page","link":"https:\/\/vinassantar.celeumasandbox.pt\/en\/castas\/","title":{"rendered":"Grape varieties"},"content":{"rendered":"<p>The special soil and climate conditions allow for the production of excellent wines, combined with the use of techniques and winemaking expertise from the region, and its grape varieties contribute to their perfection.<br \/>\nThe grape varieties used in our wines meet the<br \/>\nrequired for the production of DOC D\u00e3o wines, which are as follows:<\/p>","protected":false},"excerpt":{"rendered":"<p>As condi\u00e7\u00f5es edafo-clim\u00e1ticas especiais, permitem produzir vinhos de excel\u00eancias, aliado ao uso de t\u00e9cnicas e sabedoria vitivin\u00edcola da regi\u00e3o, as suas castas contribuem para a sua perfei\u00e7\u00e3o. As castas utilizadas nos nossos vinhos v\u00e3o ao encontro das exigidas para a produ\u00e7\u00e3o dos vinhos DOC D\u00e3o, que s\u00e3o as seguintes:<\/p>","protected":false},"author":1,"featured_media":8706,"parent":0,"menu_order":0,"comment_status":"closed","ping_status":"closed","template":"page-casta.php","meta":{"_acf_changed":false,"footnotes":""},"class_list":["post-8705","page","type-page","status-publish","has-post-thumbnail","hentry"],"acf":[],"yoast_head":"<!-- This site is optimized with the Yoast SEO plugin v26.8 - https:\/\/yoast.com\/product\/yoast-seo-wordpress\/ -->\n<title>Castas - Fidalgas de Santar<\/title>\n<meta name=\"robots\" content=\"noindex, follow, max-snippet:-1, max-image-preview:large, max-video-preview:-1\" \/>\n<meta property=\"og:locale\" content=\"en_GB\" \/>\n<meta property=\"og:type\" content=\"article\" \/>\n<meta property=\"og:title\" content=\"Castas - Fidalgas de Santar\" \/>\n<meta property=\"og:description\" content=\"As condi\u00e7\u00f5es edafo-clim\u00e1ticas especiais, permitem produzir vinhos de excel\u00eancias, aliado ao uso de t\u00e9cnicas e sabedoria vitivin\u00edcola da regi\u00e3o, as suas castas contribuem para a sua perfei\u00e7\u00e3o. As castas utilizadas nos nossos vinhos v\u00e3o ao encontro das exigidas para a produ\u00e7\u00e3o dos vinhos DOC D\u00e3o, que s\u00e3o as seguintes:\" \/>\n<meta property=\"og:url\" content=\"https:\/\/vinassantar.celeumasandbox.pt\/en\/castas\/\" \/>\n<meta property=\"og:site_name\" content=\"Fidalgas de Santar\" \/>\n<meta property=\"og:image\" content=\"https:\/\/vinassantar.celeumasandbox.pt\/wp-content\/uploads\/2025\/12\/castas-scaled.jpg\" \/>\n\t<meta property=\"og:image:width\" content=\"2560\" \/>\n\t<meta property=\"og:image:height\" content=\"689\" \/>\n\t<meta property=\"og:image:type\" content=\"image\/jpeg\" \/>\n<meta name=\"twitter:card\" content=\"summary_large_image\" \/>\n<meta name=\"twitter:label1\" content=\"Estimated reading time\" \/>\n\t<meta name=\"twitter:data1\" content=\"1 minute\" \/>\n<script type=\"application\/ld+json\" class=\"yoast-schema-graph\">{\"@context\":\"https:\/\/schema.org\",\"@graph\":[{\"@type\":\"WebPage\",\"@id\":\"https:\/\/vinassantar.celeumasandbox.pt\/castas\/\",\"url\":\"https:\/\/vinassantar.celeumasandbox.pt\/castas\/\",\"name\":\"Castas - Fidalgas de Santar\",\"isPartOf\":{\"@id\":\"https:\/\/vinassantar.celeumasandbox.pt\/#website\"},\"primaryImageOfPage\":{\"@id\":\"https:\/\/vinassantar.celeumasandbox.pt\/castas\/#primaryimage\"},\"image\":{\"@id\":\"https:\/\/vinassantar.celeumasandbox.pt\/castas\/#primaryimage\"},\"thumbnailUrl\":\"https:\/\/vinassantar.celeumasandbox.pt\/wp-content\/uploads\/2025\/12\/castas-scaled.jpg\",\"datePublished\":\"2025-12-23T10:22:47+00:00\",\"breadcrumb\":{\"@id\":\"https:\/\/vinassantar.celeumasandbox.pt\/castas\/#breadcrumb\"},\"inLanguage\":\"en-GB\",\"potentialAction\":[{\"@type\":\"ReadAction\",\"target\":[\"https:\/\/vinassantar.celeumasandbox.pt\/castas\/\"]}]},{\"@type\":\"ImageObject\",\"inLanguage\":\"en-GB\",\"@id\":\"https:\/\/vinassantar.celeumasandbox.pt\/castas\/#primaryimage\",\"url\":\"https:\/\/vinassantar.celeumasandbox.pt\/wp-content\/uploads\/2025\/12\/castas-scaled.jpg\",\"contentUrl\":\"https:\/\/vinassantar.celeumasandbox.pt\/wp-content\/uploads\/2025\/12\/castas-scaled.jpg\",\"width\":2560,\"height\":689},{\"@type\":\"BreadcrumbList\",\"@id\":\"https:\/\/vinassantar.celeumasandbox.pt\/castas\/#breadcrumb\",\"itemListElement\":[{\"@type\":\"ListItem\",\"position\":1,\"name\":\"In\u00edcio\",\"item\":\"https:\/\/vinassantar.celeumasandbox.pt\/\"},{\"@type\":\"ListItem\",\"position\":2,\"name\":\"Castas\"}]},{\"@type\":\"WebSite\",\"@id\":\"https:\/\/vinassantar.celeumasandbox.pt\/#website\",\"url\":\"https:\/\/vinassantar.celeumasandbox.pt\/\",\"name\":\"Fidalgas de Santar\",\"description\":\"Vinho\/Bebidas espirituosas\",\"publisher\":{\"@id\":\"https:\/\/vinassantar.celeumasandbox.pt\/#organization\"},\"potentialAction\":[{\"@type\":\"SearchAction\",\"target\":{\"@type\":\"EntryPoint\",\"urlTemplate\":\"https:\/\/vinassantar.celeumasandbox.pt\/?s={search_term_string}\"},\"query-input\":{\"@type\":\"PropertyValueSpecification\",\"valueRequired\":true,\"valueName\":\"search_term_string\"}}],\"inLanguage\":\"en-GB\"},{\"@type\":\"Organization\",\"@id\":\"https:\/\/vinassantar.celeumasandbox.pt\/#organization\",\"name\":\"Fidalgas de Santar\",\"url\":\"https:\/\/vinassantar.celeumasandbox.pt\/\",\"logo\":{\"@type\":\"ImageObject\",\"inLanguage\":\"en-GB\",\"@id\":\"https:\/\/vinassantar.celeumasandbox.pt\/#\/schema\/logo\/image\/\",\"url\":\"https:\/\/vinassantar.celeumasandbox.pt\/wp-content\/uploads\/2025\/12\/cropped-logo2.jpg\",\"contentUrl\":\"https:\/\/vinassantar.celeumasandbox.pt\/wp-content\/uploads\/2025\/12\/cropped-logo2.jpg\",\"width\":789,\"height\":664,\"caption\":\"Fidalgas de Santar\"},\"image\":{\"@id\":\"https:\/\/vinassantar.celeumasandbox.pt\/#\/schema\/logo\/image\/\"}}]}<\/script>\n<!-- \/ Yoast SEO plugin. -->","yoast_head_json":{"title":"Castas - Fidalgas de Santar","robots":{"index":"noindex","follow":"follow","max-snippet":"max-snippet:-1","max-image-preview":"max-image-preview:large","max-video-preview":"max-video-preview:-1"},"og_locale":"en_GB","og_type":"article","og_title":"Castas - Fidalgas de Santar","og_description":"As condi\u00e7\u00f5es edafo-clim\u00e1ticas especiais, permitem produzir vinhos de excel\u00eancias, aliado ao uso de t\u00e9cnicas e sabedoria vitivin\u00edcola da regi\u00e3o, as suas castas contribuem para a sua perfei\u00e7\u00e3o. As castas utilizadas nos nossos vinhos v\u00e3o ao encontro das exigidas para a produ\u00e7\u00e3o dos vinhos DOC D\u00e3o, que s\u00e3o as seguintes:","og_url":"https:\/\/vinassantar.celeumasandbox.pt\/en\/castas\/","og_site_name":"Fidalgas de Santar","og_image":[{"width":2560,"height":689,"url":"https:\/\/vinassantar.celeumasandbox.pt\/wp-content\/uploads\/2025\/12\/castas-scaled.jpg","type":"image\/jpeg"}],"twitter_card":"summary_large_image","twitter_misc":{"Estimated reading time":"1 minute"},"schema":{"@context":"https:\/\/schema.org","@graph":[{"@type":"WebPage","@id":"https:\/\/vinassantar.celeumasandbox.pt\/castas\/","url":"https:\/\/vinassantar.celeumasandbox.pt\/castas\/","name":"Castas - Fidalgas de Santar","isPartOf":{"@id":"https:\/\/vinassantar.celeumasandbox.pt\/#website"},"primaryImageOfPage":{"@id":"https:\/\/vinassantar.celeumasandbox.pt\/castas\/#primaryimage"},"image":{"@id":"https:\/\/vinassantar.celeumasandbox.pt\/castas\/#primaryimage"},"thumbnailUrl":"https:\/\/vinassantar.celeumasandbox.pt\/wp-content\/uploads\/2025\/12\/castas-scaled.jpg","datePublished":"2025-12-23T10:22:47+00:00","breadcrumb":{"@id":"https:\/\/vinassantar.celeumasandbox.pt\/castas\/#breadcrumb"},"inLanguage":"en-GB","potentialAction":[{"@type":"ReadAction","target":["https:\/\/vinassantar.celeumasandbox.pt\/castas\/"]}]},{"@type":"ImageObject","inLanguage":"en-GB","@id":"https:\/\/vinassantar.celeumasandbox.pt\/castas\/#primaryimage","url":"https:\/\/vinassantar.celeumasandbox.pt\/wp-content\/uploads\/2025\/12\/castas-scaled.jpg","contentUrl":"https:\/\/vinassantar.celeumasandbox.pt\/wp-content\/uploads\/2025\/12\/castas-scaled.jpg","width":2560,"height":689},{"@type":"BreadcrumbList","@id":"https:\/\/vinassantar.celeumasandbox.pt\/castas\/#breadcrumb","itemListElement":[{"@type":"ListItem","position":1,"name":"In\u00edcio","item":"https:\/\/vinassantar.celeumasandbox.pt\/"},{"@type":"ListItem","position":2,"name":"Castas"}]},{"@type":"WebSite","@id":"https:\/\/vinassantar.celeumasandbox.pt\/#website","url":"https:\/\/vinassantar.celeumasandbox.pt\/","name":"Fidalgas de Santar","description":"Vinho\/Bebidas espirituosas","publisher":{"@id":"https:\/\/vinassantar.celeumasandbox.pt\/#organization"},"potentialAction":[{"@type":"SearchAction","target":{"@type":"EntryPoint","urlTemplate":"https:\/\/vinassantar.celeumasandbox.pt\/?s={search_term_string}"},"query-input":{"@type":"PropertyValueSpecification","valueRequired":true,"valueName":"search_term_string"}}],"inLanguage":"en-GB"},{"@type":"Organization","@id":"https:\/\/vinassantar.celeumasandbox.pt\/#organization","name":"Fidalgas de Santar","url":"https:\/\/vinassantar.celeumasandbox.pt\/","logo":{"@type":"ImageObject","inLanguage":"en-GB","@id":"https:\/\/vinassantar.celeumasandbox.pt\/#\/schema\/logo\/image\/","url":"https:\/\/vinassantar.celeumasandbox.pt\/wp-content\/uploads\/2025\/12\/cropped-logo2.jpg","contentUrl":"https:\/\/vinassantar.celeumasandbox.pt\/wp-content\/uploads\/2025\/12\/cropped-logo2.jpg","width":789,"height":664,"caption":"Fidalgas de Santar"},"image":{"@id":"https:\/\/vinassantar.celeumasandbox.pt\/#\/schema\/logo\/image\/"}}]}},"_links":{"self":[{"href":"https:\/\/vinassantar.celeumasandbox.pt\/en\/wp-json\/wp\/v2\/pages\/8705","targetHints":{"allow":["GET"]}}],"collection":[{"href":"https:\/\/vinassantar.celeumasandbox.pt\/en\/wp-json\/wp\/v2\/pages"}],"about":[{"href":"https:\/\/vinassantar.celeumasandbox.pt\/en\/wp-json\/wp\/v2\/types\/page"}],"author":[{"embeddable":true,"href":"https:\/\/vinassantar.celeumasandbox.pt\/en\/wp-json\/wp\/v2\/users\/1"}],"replies":[{"embeddable":true,"href":"https:\/\/vinassantar.celeumasandbox.pt\/en\/wp-json\/wp\/v2\/comments?post=8705"}],"version-history":[{"count":1,"href":"https:\/\/vinassantar.celeumasandbox.pt\/en\/wp-json\/wp\/v2\/pages\/8705\/revisions"}],"predecessor-version":[{"id":8707,"href":"https:\/\/vinassantar.celeumasandbox.pt\/en\/wp-json\/wp\/v2\/pages\/8705\/revisions\/8707"}],"wp:featuredmedia":[{"embeddable":true,"href":"https:\/\/vinassantar.celeumasandbox.pt\/en\/wp-json\/wp\/v2\/media\/8706"}],"wp:attachment":[{"href":"https:\/\/vinassantar.celeumasandbox.pt\/en\/wp-json\/wp\/v2\/media?parent=8705"}],"curies":[{"name":"wp","href":"https:\/\/api.w.org\/{rel}","templated":true}]}}