{"id":8716,"date":"2025-12-23T11:47:11","date_gmt":"2025-12-23T11:47:11","guid":{"rendered":"https:\/\/vinassantar.celeumasandbox.pt\/?post_type=product&#038;p=8716"},"modified":"2026-01-26T12:50:10","modified_gmt":"2026-01-26T12:50:10","slug":"encruzado-2022","status":"publish","type":"product","link":"https:\/\/vinassantar.celeumasandbox.pt\/en\/product\/encruzado-2022\/","title":{"rendered":"Encruzado 2022"},"content":{"rendered":"<p>Este vinho apresenta uma cor amarela com subtis reflexos dourados. No aroma revela delicadas notas de flor de laranjeira e nuances de especiarias. Na boca destaca\u2011se pela eleg\u00e2ncia e estrutura, sustentadas por uma acidez equilibrada que lhe confere uma frescura \u00fanica e um final longo e harmonioso.<\/p>\n<p>\u00c9 um vinho vers\u00e1til \u00e0 mesa, acompanhando na perfei\u00e7\u00e3o pratos de peixe, marisco e, de forma especial, o tradicional queijo da serra. Deve ser servido entre 10\u00ba e 11\u00baC para expressar todo o seu potencial. As garrafas devem ser armazenadas na horizontal.<\/p>\n<p><strong>Teor alco\u00f3lico:<\/strong> 13% <strong>Acidez Total:<\/strong> 5,91 g\/l <strong>pH:<\/strong> 3,22<\/p>","protected":false},"excerpt":{"rendered":"<p>Vinho de cor amarela dourada, com aroma delicado a flor de laranjeira e especiarias. Fresco, elegante e de final longo, acompanha na perfei\u00e7\u00e3o peixe, marisco e queijo da serra.<\/p>","protected":false},"featured_media":8717,"comment_status":"open","ping_status":"closed","template":"","meta":{"_acf_changed":false},"tax-castas":[149],"product_brand":[],"product_cat":[142,144,155],"product_tag":[],"class_list":{"0":"post-8716","1":"product","2":"type-product","3":"status-publish","4":"has-post-thumbnail","6":"tax-castas-encruzado","7":"product_cat-encruzado","8":"product_cat-144","9":"product_cat-vinhos","11":"first","12":"instock","13":"taxable","14":"shipping-taxable","15":"purchasable","16":"product-type-simple"},"acf":[],"yoast_head":"<!-- This site is optimized with the Yoast SEO plugin v26.8 - https:\/\/yoast.com\/product\/yoast-seo-wordpress\/ -->\n<title>Encruzado 2022 - Fidalgas de Santar<\/title>\n<meta name=\"robots\" content=\"noindex, follow, max-snippet:-1, max-image-preview:large, max-video-preview:-1\" \/>\n<meta property=\"og:locale\" content=\"en_GB\" \/>\n<meta property=\"og:type\" content=\"article\" \/>\n<meta property=\"og:title\" content=\"Encruzado 2022 - Fidalgas de Santar\" \/>\n<meta property=\"og:description\" content=\"Vinho de cor amarela dourada, com aroma delicado a flor de laranjeira e especiarias. Fresco, elegante e de final longo, acompanha na perfei\u00e7\u00e3o peixe, marisco e queijo da serra.\" \/>\n<meta property=\"og:url\" content=\"https:\/\/vinassantar.celeumasandbox.pt\/en\/product\/encruzado-2022\/\" \/>\n<meta property=\"og:site_name\" content=\"Fidalgas de Santar\" \/>\n<meta property=\"article:modified_time\" content=\"2026-01-26T12:50:10+00:00\" \/>\n<meta property=\"og:image\" content=\"https:\/\/vinassantar.celeumasandbox.pt\/wp-content\/uploads\/2025\/12\/ENCRUZADO1.jpg\" \/>\n\t<meta property=\"og:image:width\" content=\"900\" \/>\n\t<meta property=\"og:image:height\" content=\"1600\" \/>\n\t<meta property=\"og:image:type\" content=\"image\/jpeg\" \/>\n<meta name=\"twitter:card\" content=\"summary_large_image\" \/>\n<meta name=\"twitter:label1\" content=\"Estimated reading time\" \/>\n\t<meta name=\"twitter:data1\" content=\"1 minute\" \/>\n<script type=\"application\/ld+json\" class=\"yoast-schema-graph\">{\"@context\":\"https:\/\/schema.org\",\"@graph\":[{\"@type\":\"WebPage\",\"@id\":\"https:\/\/vinassantar.celeumasandbox.pt\/produto\/encruzado-2022\/\",\"url\":\"https:\/\/vinassantar.celeumasandbox.pt\/produto\/encruzado-2022\/\",\"name\":\"Encruzado 2022 - Fidalgas de Santar\",\"isPartOf\":{\"@id\":\"https:\/\/vinassantar.celeumasandbox.pt\/#website\"},\"primaryImageOfPage\":{\"@id\":\"https:\/\/vinassantar.celeumasandbox.pt\/produto\/encruzado-2022\/#primaryimage\"},\"image\":{\"@id\":\"https:\/\/vinassantar.celeumasandbox.pt\/produto\/encruzado-2022\/#primaryimage\"},\"thumbnailUrl\":\"https:\/\/vinassantar.celeumasandbox.pt\/wp-content\/uploads\/2025\/12\/ENCRUZADO1.jpg\",\"datePublished\":\"2025-12-23T11:47:11+00:00\",\"dateModified\":\"2026-01-26T12:50:10+00:00\",\"breadcrumb\":{\"@id\":\"https:\/\/vinassantar.celeumasandbox.pt\/produto\/encruzado-2022\/#breadcrumb\"},\"inLanguage\":\"en-GB\",\"potentialAction\":[{\"@type\":\"ReadAction\",\"target\":[\"https:\/\/vinassantar.celeumasandbox.pt\/produto\/encruzado-2022\/\"]}]},{\"@type\":\"ImageObject\",\"inLanguage\":\"en-GB\",\"@id\":\"https:\/\/vinassantar.celeumasandbox.pt\/produto\/encruzado-2022\/#primaryimage\",\"url\":\"https:\/\/vinassantar.celeumasandbox.pt\/wp-content\/uploads\/2025\/12\/ENCRUZADO1.jpg\",\"contentUrl\":\"https:\/\/vinassantar.celeumasandbox.pt\/wp-content\/uploads\/2025\/12\/ENCRUZADO1.jpg\",\"width\":900,\"height\":1600},{\"@type\":\"BreadcrumbList\",\"@id\":\"https:\/\/vinassantar.celeumasandbox.pt\/produto\/encruzado-2022\/#breadcrumb\",\"itemListElement\":[{\"@type\":\"ListItem\",\"position\":1,\"name\":\"In\u00edcio\",\"item\":\"https:\/\/vinassantar.celeumasandbox.pt\/\"},{\"@type\":\"ListItem\",\"position\":2,\"name\":\"Loja\",\"item\":\"https:\/\/vinassantar.celeumasandbox.pt\/loja\/\"},{\"@type\":\"ListItem\",\"position\":3,\"name\":\"Encruzado 2022\"}]},{\"@type\":\"WebSite\",\"@id\":\"https:\/\/vinassantar.celeumasandbox.pt\/#website\",\"url\":\"https:\/\/vinassantar.celeumasandbox.pt\/\",\"name\":\"Fidalgas de Santar\",\"description\":\"Vinho\/Bebidas espirituosas\",\"publisher\":{\"@id\":\"https:\/\/vinassantar.celeumasandbox.pt\/#organization\"},\"potentialAction\":[{\"@type\":\"SearchAction\",\"target\":{\"@type\":\"EntryPoint\",\"urlTemplate\":\"https:\/\/vinassantar.celeumasandbox.pt\/?s={search_term_string}\"},\"query-input\":{\"@type\":\"PropertyValueSpecification\",\"valueRequired\":true,\"valueName\":\"search_term_string\"}}],\"inLanguage\":\"en-GB\"},{\"@type\":\"Organization\",\"@id\":\"https:\/\/vinassantar.celeumasandbox.pt\/#organization\",\"name\":\"Fidalgas de Santar\",\"url\":\"https:\/\/vinassantar.celeumasandbox.pt\/\",\"logo\":{\"@type\":\"ImageObject\",\"inLanguage\":\"en-GB\",\"@id\":\"https:\/\/vinassantar.celeumasandbox.pt\/#\/schema\/logo\/image\/\",\"url\":\"https:\/\/vinassantar.celeumasandbox.pt\/wp-content\/uploads\/2025\/12\/cropped-logo2.jpg\",\"contentUrl\":\"https:\/\/vinassantar.celeumasandbox.pt\/wp-content\/uploads\/2025\/12\/cropped-logo2.jpg\",\"width\":789,\"height\":664,\"caption\":\"Fidalgas de Santar\"},\"image\":{\"@id\":\"https:\/\/vinassantar.celeumasandbox.pt\/#\/schema\/logo\/image\/\"}}]}<\/script>\n<!-- \/ Yoast SEO plugin. -->","yoast_head_json":{"title":"Encruzado 2022 - Fidalgas de Santar","robots":{"index":"noindex","follow":"follow","max-snippet":"max-snippet:-1","max-image-preview":"max-image-preview:large","max-video-preview":"max-video-preview:-1"},"og_locale":"en_GB","og_type":"article","og_title":"Encruzado 2022 - Fidalgas de Santar","og_description":"Vinho de cor amarela dourada, com aroma delicado a flor de laranjeira e especiarias. Fresco, elegante e de final longo, acompanha na perfei\u00e7\u00e3o peixe, marisco e queijo da serra.","og_url":"https:\/\/vinassantar.celeumasandbox.pt\/en\/product\/encruzado-2022\/","og_site_name":"Fidalgas de Santar","article_modified_time":"2026-01-26T12:50:10+00:00","og_image":[{"width":900,"height":1600,"url":"https:\/\/vinassantar.celeumasandbox.pt\/wp-content\/uploads\/2025\/12\/ENCRUZADO1.jpg","type":"image\/jpeg"}],"twitter_card":"summary_large_image","twitter_misc":{"Estimated reading time":"1 minute"},"schema":{"@context":"https:\/\/schema.org","@graph":[{"@type":"WebPage","@id":"https:\/\/vinassantar.celeumasandbox.pt\/produto\/encruzado-2022\/","url":"https:\/\/vinassantar.celeumasandbox.pt\/produto\/encruzado-2022\/","name":"Encruzado 2022 - Fidalgas de Santar","isPartOf":{"@id":"https:\/\/vinassantar.celeumasandbox.pt\/#website"},"primaryImageOfPage":{"@id":"https:\/\/vinassantar.celeumasandbox.pt\/produto\/encruzado-2022\/#primaryimage"},"image":{"@id":"https:\/\/vinassantar.celeumasandbox.pt\/produto\/encruzado-2022\/#primaryimage"},"thumbnailUrl":"https:\/\/vinassantar.celeumasandbox.pt\/wp-content\/uploads\/2025\/12\/ENCRUZADO1.jpg","datePublished":"2025-12-23T11:47:11+00:00","dateModified":"2026-01-26T12:50:10+00:00","breadcrumb":{"@id":"https:\/\/vinassantar.celeumasandbox.pt\/produto\/encruzado-2022\/#breadcrumb"},"inLanguage":"en-GB","potentialAction":[{"@type":"ReadAction","target":["https:\/\/vinassantar.celeumasandbox.pt\/produto\/encruzado-2022\/"]}]},{"@type":"ImageObject","inLanguage":"en-GB","@id":"https:\/\/vinassantar.celeumasandbox.pt\/produto\/encruzado-2022\/#primaryimage","url":"https:\/\/vinassantar.celeumasandbox.pt\/wp-content\/uploads\/2025\/12\/ENCRUZADO1.jpg","contentUrl":"https:\/\/vinassantar.celeumasandbox.pt\/wp-content\/uploads\/2025\/12\/ENCRUZADO1.jpg","width":900,"height":1600},{"@type":"BreadcrumbList","@id":"https:\/\/vinassantar.celeumasandbox.pt\/produto\/encruzado-2022\/#breadcrumb","itemListElement":[{"@type":"ListItem","position":1,"name":"In\u00edcio","item":"https:\/\/vinassantar.celeumasandbox.pt\/"},{"@type":"ListItem","position":2,"name":"Loja","item":"https:\/\/vinassantar.celeumasandbox.pt\/loja\/"},{"@type":"ListItem","position":3,"name":"Encruzado 2022"}]},{"@type":"WebSite","@id":"https:\/\/vinassantar.celeumasandbox.pt\/#website","url":"https:\/\/vinassantar.celeumasandbox.pt\/","name":"Fidalgas de Santar","description":"Vinho\/Bebidas espirituosas","publisher":{"@id":"https:\/\/vinassantar.celeumasandbox.pt\/#organization"},"potentialAction":[{"@type":"SearchAction","target":{"@type":"EntryPoint","urlTemplate":"https:\/\/vinassantar.celeumasandbox.pt\/?s={search_term_string}"},"query-input":{"@type":"PropertyValueSpecification","valueRequired":true,"valueName":"search_term_string"}}],"inLanguage":"en-GB"},{"@type":"Organization","@id":"https:\/\/vinassantar.celeumasandbox.pt\/#organization","name":"Fidalgas de Santar","url":"https:\/\/vinassantar.celeumasandbox.pt\/","logo":{"@type":"ImageObject","inLanguage":"en-GB","@id":"https:\/\/vinassantar.celeumasandbox.pt\/#\/schema\/logo\/image\/","url":"https:\/\/vinassantar.celeumasandbox.pt\/wp-content\/uploads\/2025\/12\/cropped-logo2.jpg","contentUrl":"https:\/\/vinassantar.celeumasandbox.pt\/wp-content\/uploads\/2025\/12\/cropped-logo2.jpg","width":789,"height":664,"caption":"Fidalgas de Santar"},"image":{"@id":"https:\/\/vinassantar.celeumasandbox.pt\/#\/schema\/logo\/image\/"}}]}},"_links":{"self":[{"href":"https:\/\/vinassantar.celeumasandbox.pt\/en\/wp-json\/wp\/v2\/product\/8716","targetHints":{"allow":["GET"]}}],"collection":[{"href":"https:\/\/vinassantar.celeumasandbox.pt\/en\/wp-json\/wp\/v2\/product"}],"about":[{"href":"https:\/\/vinassantar.celeumasandbox.pt\/en\/wp-json\/wp\/v2\/types\/product"}],"replies":[{"embeddable":true,"href":"https:\/\/vinassantar.celeumasandbox.pt\/en\/wp-json\/wp\/v2\/comments?post=8716"}],"wp:featuredmedia":[{"embeddable":true,"href":"https:\/\/vinassantar.celeumasandbox.pt\/en\/wp-json\/wp\/v2\/media\/8717"}],"wp:attachment":[{"href":"https:\/\/vinassantar.celeumasandbox.pt\/en\/wp-json\/wp\/v2\/media?parent=8716"}],"wp:term":[{"taxonomy":"tax-castas","embeddable":true,"href":"https:\/\/vinassantar.celeumasandbox.pt\/en\/wp-json\/wp\/v2\/tax-castas?post=8716"},{"taxonomy":"product_brand","embeddable":true,"href":"https:\/\/vinassantar.celeumasandbox.pt\/en\/wp-json\/wp\/v2\/product_brand?post=8716"},{"taxonomy":"product_cat","embeddable":true,"href":"https:\/\/vinassantar.celeumasandbox.pt\/en\/wp-json\/wp\/v2\/product_cat?post=8716"},{"taxonomy":"product_tag","embeddable":true,"href":"https:\/\/vinassantar.celeumasandbox.pt\/en\/wp-json\/wp\/v2\/product_tag?post=8716"}],"curies":[{"name":"wp","href":"https:\/\/api.w.org\/{rel}","templated":true}]}}